{"id":65,"date":"2016-02-05T12:09:07","date_gmt":"2016-02-05T12:09:07","guid":{"rendered":"http:\/\/www.luviaseor.com\/?page_id=65"},"modified":"2022-02-11T06:57:56","modified_gmt":"2022-02-11T06:57:56","slug":"kotiseutumuseo","status":"publish","type":"page","link":"http:\/\/www.luviaseor.com\/?page_id=65","title":{"rendered":"Kotiseutumuseo"},"content":{"rendered":"\n<p>Kotiseutuyhdistys Luvia Seor ry yll\u00e4pit\u00e4\u00e4 ja kehitt\u00e4\u00e4 Luvian ydinkeskustan l\u00e4hell\u00e4 sijaitsevaa kotiseutumuseota (Myllykuja 3B). <\/p>\n\n\n\n<p>Museo perustettiin vuonna 1969 Anna Homerilta saadulle Lehti-nimisellle tilalle ja avattiin yleis\u00f6lle 1975. <\/p>\n\n\n\n<p>Museokokonaisuus k\u00e4sitt\u00e4\u00e4 vanhan p\u00e4\u00e4rakennuksen, jossa on kaunis tupa, kamari sek\u00e4 merimiehen huone. <\/p>\n\n\n\n<p><\/p>\n\n\n\n<figure class=\"wp-block-image size-full\"><a href=\"http:\/\/www.luviaseor.com\/wp-content\/uploads\/2016\/02\/DSC9194.jpg\"><img loading=\"lazy\" decoding=\"async\" width=\"1000\" height=\"667\" src=\"http:\/\/www.luviaseor.com\/wp-content\/uploads\/2016\/02\/DSC9194.jpg\" alt=\"\" class=\"wp-image-98\" srcset=\"http:\/\/www.luviaseor.com\/wp-content\/uploads\/2016\/02\/DSC9194.jpg 1000w, http:\/\/www.luviaseor.com\/wp-content\/uploads\/2016\/02\/DSC9194-300x200.jpg 300w, http:\/\/www.luviaseor.com\/wp-content\/uploads\/2016\/02\/DSC9194-768x512.jpg 768w\" sizes=\"auto, (max-width: 1000px) 100vw, 1000px\" \/><\/a><figcaption>Luvian kotiseutumuseon pihamaa, p\u00e4\u00e4rakennus ja Makasiini<\/figcaption><\/figure>\n\n\n\n<p>Asuinrakennuksen oikealla puolella on iso Makasiinirakennus, joka on siirretty hautausmaan l\u00e4helt\u00e4 nykyiselle paikalleen vuonna 1969. Makasiinin alakerrassa vaihtuva n\u00e4yttelytila sek\u00e4 yl\u00e4kerrassa pysyv\u00e4 n\u00e4yttely.  <\/p>\n\n\n\n<figure class=\"wp-block-image size-full\"><a href=\"http:\/\/www.luviaseor.com\/wp-content\/uploads\/2016\/02\/DSC9189.jpg\"><img loading=\"lazy\" decoding=\"async\" width=\"1000\" height=\"667\" src=\"http:\/\/www.luviaseor.com\/wp-content\/uploads\/2016\/02\/DSC9189.jpg\" alt=\"\" class=\"wp-image-96\" srcset=\"http:\/\/www.luviaseor.com\/wp-content\/uploads\/2016\/02\/DSC9189.jpg 1000w, http:\/\/www.luviaseor.com\/wp-content\/uploads\/2016\/02\/DSC9189-300x200.jpg 300w, http:\/\/www.luviaseor.com\/wp-content\/uploads\/2016\/02\/DSC9189-768x512.jpg 768w\" sizes=\"auto, (max-width: 1000px) 100vw, 1000px\" \/><\/a><figcaption>Makasiinin yl\u00e4kerta<\/figcaption><\/figure>\n\n\n\n<figure class=\"wp-block-image size-full\"><a href=\"http:\/\/www.luviaseor.com\/wp-content\/uploads\/2022\/02\/DSC3652-1.jpg\"><img loading=\"lazy\" decoding=\"async\" width=\"1000\" height=\"667\" src=\"http:\/\/www.luviaseor.com\/wp-content\/uploads\/2022\/02\/DSC3652-1.jpg\" alt=\"\" class=\"wp-image-215\" srcset=\"http:\/\/www.luviaseor.com\/wp-content\/uploads\/2022\/02\/DSC3652-1.jpg 1000w, http:\/\/www.luviaseor.com\/wp-content\/uploads\/2022\/02\/DSC3652-1-300x200.jpg 300w, http:\/\/www.luviaseor.com\/wp-content\/uploads\/2022\/02\/DSC3652-1-768x512.jpg 768w\" sizes=\"auto, (max-width: 1000px) 100vw, 1000px\" \/><\/a><\/figure>\n\n\n\n<p>Makasiinin alakerrassa oli vuonna 2021 Apo Elomaan taidetta.<\/p>\n\n\n\n<p>Makasiinin vieress\u00e4 on vanha rantavaja nimelt\u00e4\u00e4n F\u00e4llpuar. Rakennus on siirretty vuonna 1981 Sassilasta. <\/p>\n\n\n\n<p>Rantavajassa on kalastukseen liittyv\u00e4\u00e4 esineist\u00f6\u00e4. T\u00e4m\u00e4n tapaisissa rantavajoissa Luvialla s\u00e4ilytettiin pyydyksi\u00e4 ja muuta kalastukseen kuuluvaa esineist\u00f6\u00e4. F\u00e4llpuariin on talkoilla rakennettu p\u00e4reketto.<\/p>\n\n\n\n<figure class=\"wp-block-image size-full\"><a href=\"http:\/\/www.luviaseor.com\/wp-content\/uploads\/2016\/02\/DSC9176.jpg\"><img loading=\"lazy\" decoding=\"async\" width=\"1000\" height=\"667\" src=\"http:\/\/www.luviaseor.com\/wp-content\/uploads\/2016\/02\/DSC9176.jpg\" alt=\"\" class=\"wp-image-94\" srcset=\"http:\/\/www.luviaseor.com\/wp-content\/uploads\/2016\/02\/DSC9176.jpg 1000w, http:\/\/www.luviaseor.com\/wp-content\/uploads\/2016\/02\/DSC9176-300x200.jpg 300w, http:\/\/www.luviaseor.com\/wp-content\/uploads\/2016\/02\/DSC9176-768x512.jpg 768w\" sizes=\"auto, (max-width: 1000px) 100vw, 1000px\" \/><\/a><figcaption>Kaluliiteri on t\u00e4ynn\u00e4 omavaraiskauden maatalousesineit\u00e4<\/figcaption><\/figure>\n\n\n\n<p>Museoalueen tontilta on purettu vanha navetta-talli. Rakennus oli eritt\u00e4in huonokuntoinen ja purkamalla saatiin tilaa museokent\u00e4lle. <\/p>\n\n\n\n<p>Vuonna 1985 museoalueelle rakennettiin 250 neli\u00f6n kokoinen suulirakennus, nimelt\u00e4\u00e4n Kaluliiter. Luvian kunta rahoitti projektia 31 000 markalla ja Luvian Maataloustuottajat lahjoitti rakentamiseen 18 000 markkaa. Loppu rahoitus katettiin talkoilla. <\/p>\n\n\n\n<p>Rakennuksessa on omavaraiskauden maatalousesineiden n\u00e4yttelytila ja on n\u00e4in keskeinen osa museokokonaisuutta.<\/p>\n\n\n\n<figure class=\"wp-block-image size-full\"><a href=\"http:\/\/www.luviaseor.com\/wp-content\/uploads\/2016\/02\/DSC9184.jpg\"><img loading=\"lazy\" decoding=\"async\" width=\"1000\" height=\"667\" src=\"http:\/\/www.luviaseor.com\/wp-content\/uploads\/2016\/02\/DSC9184.jpg\" alt=\"\" class=\"wp-image-95\" srcset=\"http:\/\/www.luviaseor.com\/wp-content\/uploads\/2016\/02\/DSC9184.jpg 1000w, http:\/\/www.luviaseor.com\/wp-content\/uploads\/2016\/02\/DSC9184-300x200.jpg 300w, http:\/\/www.luviaseor.com\/wp-content\/uploads\/2016\/02\/DSC9184-768x512.jpg 768w\" sizes=\"auto, (max-width: 1000px) 100vw, 1000px\" \/><\/a><figcaption>Uudisrakennuksen l\u00e4mmin tila, koululuokka<\/figcaption><\/figure>\n\n\n\n<p>Viimeisin hankinta museoalueelle on vuonna 2015 valmistunut rakennus, jossa on l\u00e4mmin tila ja varastotila. Rakennuksen kustantamiseen saatiin Karhuseudulta Leader-rahoitusta ja loppu rahoitus katettiin talkoilla.<\/p>\n\n\n\n<figure class=\"wp-block-image size-full\"><a href=\"http:\/\/www.luviaseor.com\/wp-content\/uploads\/2016\/02\/DSC8883.jpg\"><img loading=\"lazy\" decoding=\"async\" width=\"1000\" height=\"667\" src=\"http:\/\/www.luviaseor.com\/wp-content\/uploads\/2016\/02\/DSC8883.jpg\" alt=\"\" class=\"wp-image-111\" srcset=\"http:\/\/www.luviaseor.com\/wp-content\/uploads\/2016\/02\/DSC8883.jpg 1000w, http:\/\/www.luviaseor.com\/wp-content\/uploads\/2016\/02\/DSC8883-300x200.jpg 300w, http:\/\/www.luviaseor.com\/wp-content\/uploads\/2016\/02\/DSC8883-768x512.jpg 768w\" sizes=\"auto, (max-width: 1000px) 100vw, 1000px\" \/><\/a><figcaption>Mieskuoro esiintyy Luviap\u00e4ivill\u00e4<\/figcaption><\/figure>\n\n\n\n<p>Kotiseutumuseo on avoinna kes\u00e4torstaisin sek\u00e4 muina aikoina tilauksesta.<\/p>\n\n\n\n<p>Yhdistys j\u00e4rjest\u00e4\u00e4 museolla kes\u00e4isin Luvia-p\u00e4iv\u00e4n ja vaihtelevasti muitakin tilaisuuksia.<\/p>\n\n\n\n<p>Kes\u00e4isin makasiinin alakerrassa on vaihtuva n\u00e4yttely.<\/p>\n","protected":false},"excerpt":{"rendered":"<p>Kotiseutuyhdistys Luvia Seor ry yll\u00e4pit\u00e4\u00e4 ja kehitt\u00e4\u00e4 Luvian ydinkeskustan l\u00e4hell\u00e4 sijaitsevaa kotiseutumuseota (Myllykuja 3B). Museo perustettiin vuonna 1969 Anna Homerilta saadulle Lehti-nimisellle tilalle ja avattiin yleis\u00f6lle 1975. Museokokonaisuus k\u00e4sitt\u00e4\u00e4 vanhan p\u00e4\u00e4rakennuksen, jossa on kaunis tupa, kamari sek\u00e4 merimiehen huone. Asuinrakennuksen oikealla puolella on iso Makasiinirakennus, joka on siirretty hautausmaan l\u00e4helt\u00e4 nykyiselle paikalleen vuonna 1969. Makasiinin&hellip; <a href=\"http:\/\/www.luviaseor.com\/?page_id=65\">Continue reading&#8230;<\/a><\/p>\n","protected":false},"author":1,"featured_media":0,"parent":0,"menu_order":0,"comment_status":"closed","ping_status":"closed","template":"","meta":{"footnotes":""},"class_list":["post-65","page","type-page","status-publish","hentry"],"_links":{"self":[{"href":"http:\/\/www.luviaseor.com\/index.php?rest_route=\/wp\/v2\/pages\/65","targetHints":{"allow":["GET"]}}],"collection":[{"href":"http:\/\/www.luviaseor.com\/index.php?rest_route=\/wp\/v2\/pages"}],"about":[{"href":"http:\/\/www.luviaseor.com\/index.php?rest_route=\/wp\/v2\/types\/page"}],"author":[{"embeddable":true,"href":"http:\/\/www.luviaseor.com\/index.php?rest_route=\/wp\/v2\/users\/1"}],"replies":[{"embeddable":true,"href":"http:\/\/www.luviaseor.com\/index.php?rest_route=%2Fwp%2Fv2%2Fcomments&post=65"}],"version-history":[{"count":23,"href":"http:\/\/www.luviaseor.com\/index.php?rest_route=\/wp\/v2\/pages\/65\/revisions"}],"predecessor-version":[{"id":219,"href":"http:\/\/www.luviaseor.com\/index.php?rest_route=\/wp\/v2\/pages\/65\/revisions\/219"}],"wp:attachment":[{"href":"http:\/\/www.luviaseor.com\/index.php?rest_route=%2Fwp%2Fv2%2Fmedia&parent=65"}],"curies":[{"name":"wp","href":"https:\/\/api.w.org\/{rel}","templated":true}]}}