{"id":38,"date":"2016-02-05T06:27:39","date_gmt":"2016-02-05T06:27:39","guid":{"rendered":"http:\/\/www.luviaseor.com\/?page_id=38"},"modified":"2026-03-13T05:57:17","modified_gmt":"2026-03-13T05:57:17","slug":"yhteystiedot","status":"publish","type":"page","link":"http:\/\/www.luviaseor.com\/?page_id=38","title":{"rendered":"Yhteystiedot"},"content":{"rendered":"<h2><strong>Osoite:<\/strong><\/h2>\n<p><strong>Luvian kotiseutumuseo, Myllykuja 3B, 29100 Luvia<\/strong><\/p>\n<h2><strong>Luvia Seoran hallitus 2025:<\/strong><\/h2>\n<p>Leena Koivisto, puheenjohtaja, 0503052363<\/p>\n<p>Matti Luotola, sihteeri 0405677673<\/p>\n<p>Leila Wester, 050 0425420<\/p>\n<p>Anna-Liisa Sepp\u00e4 , 0440205580<\/p>\n<p>Marja Lehtinen, varapuheenjohtaja 050 3624125<\/p>\n<p>Kalevi N\u00e4yr\u00e4, 0400530738<\/p>\n<p>Heikki Hermonen, 0400228190<\/p>\n","protected":false},"excerpt":{"rendered":"<p>Osoite: Luvian kotiseutumuseo, Myllykuja 3B, 29100 Luvia Luvia Seoran hallitus 2025: Leena Koivisto, puheenjohtaja, 0503052363 Matti Luotola, sihteeri 0405677673 Leila Wester, 050 0425420 Anna-Liisa Sepp\u00e4 , 0440205580 Marja Lehtinen, varapuheenjohtaja 050 3624125 Kalevi N\u00e4yr\u00e4, 0400530738 Heikki Hermonen, 0400228190<\/p>\n","protected":false},"author":1,"featured_media":0,"parent":0,"menu_order":0,"comment_status":"closed","ping_status":"closed","template":"","meta":{"footnotes":""},"class_list":["post-38","page","type-page","status-publish","hentry"],"_links":{"self":[{"href":"http:\/\/www.luviaseor.com\/index.php?rest_route=\/wp\/v2\/pages\/38","targetHints":{"allow":["GET"]}}],"collection":[{"href":"http:\/\/www.luviaseor.com\/index.php?rest_route=\/wp\/v2\/pages"}],"about":[{"href":"http:\/\/www.luviaseor.com\/index.php?rest_route=\/wp\/v2\/types\/page"}],"author":[{"embeddable":true,"href":"http:\/\/www.luviaseor.com\/index.php?rest_route=\/wp\/v2\/users\/1"}],"replies":[{"embeddable":true,"href":"http:\/\/www.luviaseor.com\/index.php?rest_route=%2Fwp%2Fv2%2Fcomments&post=38"}],"version-history":[{"count":13,"href":"http:\/\/www.luviaseor.com\/index.php?rest_route=\/wp\/v2\/pages\/38\/revisions"}],"predecessor-version":[{"id":315,"href":"http:\/\/www.luviaseor.com\/index.php?rest_route=\/wp\/v2\/pages\/38\/revisions\/315"}],"wp:attachment":[{"href":"http:\/\/www.luviaseor.com\/index.php?rest_route=%2Fwp%2Fv2%2Fmedia&parent=38"}],"curies":[{"name":"wp","href":"https:\/\/api.w.org\/{rel}","templated":true}]}}